{"id":3,"date":"2022-07-07T15:41:37","date_gmt":"2022-07-07T15:41:37","guid":{"rendered":"https:\/\/hartea.net\/?page_id=3"},"modified":"2022-09-26T09:20:02","modified_gmt":"2022-09-26T09:20:02","slug":"politica-privacidad","status":"publish","type":"page","link":"https:\/\/hartea.net\/es\/politica-privacidad\/","title":{"rendered":"Pol\u00edtica de privacidad"},"content":{"rendered":"<h1>Pol\u00edtica de privacidad<\/h1>\n<p>En cumplimiento de lo establecido en la RGPD, le informamos que sus datos ser\u00e1n tratados en nuestros ficheros, con la finalidad del mantenimiento y cumplimiento de la relaci\u00f3n con nuestra entidad, incluyendo el env\u00edo de comunicaciones en el marco de la citada relaci\u00f3n.<\/p>\n<p>As\u00ed mismo, sus datos ser\u00e1n cedidos en todos aquellos casos en que sea necesario para el desarrollo, cumplimiento y control de la relaci\u00f3n con nuestra entidad o en los supuestos en que lo autorice una norma con rango de ley. En cumplimiento de la RGPD puede ejercitar sus derechos ARCO ante HARTEA, con direcci\u00f3n en Oztaran, 30A 20130 Urnieta-Gipuzkoa, adjuntando fotocopia de su DNI.<\/p>\n<p>El contenido de esta comunicaci\u00f3n, as\u00ed como el de toda la documentaci\u00f3n anexa, est\u00e1 sujeta al deber de secreto y va dirigida \u00fanicamente a su destinatario. En el supuesto de que usted no fuera el destinatario, le solicitamos que nos lo indique y no comunique su contenido a terceros, procediendo a su destrucci\u00f3n.<\/p>\n<p>El prestador de servicios de la sociedad de la informaci\u00f3n deber\u00e1 tener en cuenta que, adem\u00e1s de la informaci\u00f3n que facilite a los destinatarios del servicio a trav\u00e9s de su \u201cPol\u00edtica de Privacidad?, deber\u00e1 disponer de textos legales adicionales relativos a otras normativas de obligado cumplimiento, tales como, sin car\u00e1cter limitativo o excluyente, condiciones generales de la contrataci\u00f3n, propiedad intelectual e industrial, condiciones de utilizaci\u00f3n de la p\u00e1gina web y responsabilidades al respecto, o lo que la propia Ley 34\/2002, de 11 de julio, de Servicios de la Sociedad de la Informaci\u00f3n y de Comercio Electr\u00f3nico pueda establecer en cualesquiera otros preceptos al margen de su art\u00edculo 10 o incluso completar la informaci\u00f3n que, en relaci\u00f3n a \u00e9ste, fuese necesaria.<\/p>\n","protected":false},"excerpt":{"rendered":"<p>Pol\u00edtica de privacidad En cumplimiento de lo establecido en la RGPD, le informamos que sus datos ser\u00e1n tratados en nuestros ficheros, con la finalidad del mantenimiento y cumplimiento de la&#8230;<\/p>\n","protected":false},"author":2,"featured_media":0,"parent":0,"menu_order":20,"comment_status":"closed","ping_status":"closed","template":"","meta":{"footnotes":""},"class_list":["post-3","page","type-page","status-publish"],"yoast_head":"<!-- This site is optimized with the Yoast SEO plugin v19.7.1 - https:\/\/yoast.com\/wordpress\/plugins\/seo\/ -->\n<title>Pol\u00edtica de privacidad - Hartea \u00b7 Joseba Lekuona<\/title>\n<meta name=\"robots\" content=\"index, follow, max-snippet:-1, max-image-preview:large, max-video-preview:-1\" \/>\n<link rel=\"canonical\" href=\"https:\/\/hartea.net\/es\/politica-privacidad\/\" \/>\n<meta property=\"og:locale\" content=\"es_ES\" \/>\n<meta property=\"og:type\" content=\"article\" \/>\n<meta property=\"og:title\" content=\"Pol\u00edtica de privacidad - Hartea \u00b7 Joseba Lekuona\" \/>\n<meta property=\"og:description\" content=\"Pol\u00edtica de privacidad En cumplimiento de lo establecido en la RGPD, le informamos que sus datos ser\u00e1n tratados en nuestros ficheros, con la finalidad del mantenimiento y cumplimiento de la...\" \/>\n<meta property=\"og:url\" content=\"https:\/\/hartea.net\/es\/politica-privacidad\/\" \/>\n<meta property=\"og:site_name\" content=\"Hartea \u00b7 Joseba Lekuona\" \/>\n<meta property=\"article:modified_time\" content=\"2022-09-26T09:20:02+00:00\" \/>\n<meta name=\"twitter:card\" content=\"summary_large_image\" \/>\n<script type=\"application\/ld+json\" class=\"yoast-schema-graph\">{\"@context\":\"https:\/\/schema.org\",\"@graph\":[{\"@type\":\"WebPage\",\"@id\":\"https:\/\/hartea.net\/es\/politica-privacidad\/\",\"url\":\"https:\/\/hartea.net\/es\/politica-privacidad\/\",\"name\":\"Pol\u00edtica de privacidad - Hartea \u00b7 Joseba Lekuona\",\"isPartOf\":{\"@id\":\"https:\/\/hartea.net\/#website\"},\"datePublished\":\"2022-07-07T15:41:37+00:00\",\"dateModified\":\"2022-09-26T09:20:02+00:00\",\"breadcrumb\":{\"@id\":\"https:\/\/hartea.net\/es\/politica-privacidad\/#breadcrumb\"},\"inLanguage\":\"es\",\"potentialAction\":[{\"@type\":\"ReadAction\",\"target\":[\"https:\/\/hartea.net\/es\/politica-privacidad\/\"]}]},{\"@type\":\"BreadcrumbList\",\"@id\":\"https:\/\/hartea.net\/es\/politica-privacidad\/#breadcrumb\",\"itemListElement\":[{\"@type\":\"ListItem\",\"position\":1,\"name\":\"Portada\",\"item\":\"https:\/\/hartea.net\/es\/\"},{\"@type\":\"ListItem\",\"position\":2,\"name\":\"Pol\u00edtica de privacidad\"}]},{\"@type\":\"WebSite\",\"@id\":\"https:\/\/hartea.net\/#website\",\"url\":\"https:\/\/hartea.net\/\",\"name\":\"Hartea \u00b7 Joseba Lekuona\",\"description\":\"Piedra. Arte. Gastronom\u00eda.\",\"publisher\":{\"@id\":\"https:\/\/hartea.net\/#organization\"},\"potentialAction\":[{\"@type\":\"SearchAction\",\"target\":{\"@type\":\"EntryPoint\",\"urlTemplate\":\"https:\/\/hartea.net\/?s={search_term_string}\"},\"query-input\":\"required name=search_term_string\"}],\"inLanguage\":\"es\"},{\"@type\":\"Organization\",\"@id\":\"https:\/\/hartea.net\/#organization\",\"name\":\"Hartea \u00b7 Joseba Lekuona\",\"url\":\"https:\/\/hartea.net\/\",\"sameAs\":[],\"logo\":{\"@type\":\"ImageObject\",\"inLanguage\":\"es\",\"@id\":\"https:\/\/hartea.net\/#\/schema\/logo\/image\/\",\"url\":\"https:\/\/hartea.net\/wp-content\/uploads\/2022\/07\/hartea-joseba-lekuona.png\",\"contentUrl\":\"https:\/\/hartea.net\/wp-content\/uploads\/2022\/07\/hartea-joseba-lekuona.png\",\"width\":282,\"height\":150,\"caption\":\"Hartea \u00b7 Joseba Lekuona\"},\"image\":{\"@id\":\"https:\/\/hartea.net\/#\/schema\/logo\/image\/\"}}]}<\/script>\n<!-- \/ Yoast SEO plugin. -->","yoast_head_json":{"title":"Pol\u00edtica de privacidad - Hartea \u00b7 Joseba Lekuona","robots":{"index":"index","follow":"follow","max-snippet":"max-snippet:-1","max-image-preview":"max-image-preview:large","max-video-preview":"max-video-preview:-1"},"canonical":"https:\/\/hartea.net\/es\/politica-privacidad\/","og_locale":"es_ES","og_type":"article","og_title":"Pol\u00edtica de privacidad - Hartea \u00b7 Joseba Lekuona","og_description":"Pol\u00edtica de privacidad En cumplimiento de lo establecido en la RGPD, le informamos que sus datos ser\u00e1n tratados en nuestros ficheros, con la finalidad del mantenimiento y cumplimiento de la...","og_url":"https:\/\/hartea.net\/es\/politica-privacidad\/","og_site_name":"Hartea \u00b7 Joseba Lekuona","article_modified_time":"2022-09-26T09:20:02+00:00","twitter_card":"summary_large_image","schema":{"@context":"https:\/\/schema.org","@graph":[{"@type":"WebPage","@id":"https:\/\/hartea.net\/es\/politica-privacidad\/","url":"https:\/\/hartea.net\/es\/politica-privacidad\/","name":"Pol\u00edtica de privacidad - Hartea \u00b7 Joseba Lekuona","isPartOf":{"@id":"https:\/\/hartea.net\/#website"},"datePublished":"2022-07-07T15:41:37+00:00","dateModified":"2022-09-26T09:20:02+00:00","breadcrumb":{"@id":"https:\/\/hartea.net\/es\/politica-privacidad\/#breadcrumb"},"inLanguage":"es","potentialAction":[{"@type":"ReadAction","target":["https:\/\/hartea.net\/es\/politica-privacidad\/"]}]},{"@type":"BreadcrumbList","@id":"https:\/\/hartea.net\/es\/politica-privacidad\/#breadcrumb","itemListElement":[{"@type":"ListItem","position":1,"name":"Portada","item":"https:\/\/hartea.net\/es\/"},{"@type":"ListItem","position":2,"name":"Pol\u00edtica de privacidad"}]},{"@type":"WebSite","@id":"https:\/\/hartea.net\/#website","url":"https:\/\/hartea.net\/","name":"Hartea \u00b7 Joseba Lekuona","description":"Piedra. Arte. Gastronom\u00eda.","publisher":{"@id":"https:\/\/hartea.net\/#organization"},"potentialAction":[{"@type":"SearchAction","target":{"@type":"EntryPoint","urlTemplate":"https:\/\/hartea.net\/?s={search_term_string}"},"query-input":"required name=search_term_string"}],"inLanguage":"es"},{"@type":"Organization","@id":"https:\/\/hartea.net\/#organization","name":"Hartea \u00b7 Joseba Lekuona","url":"https:\/\/hartea.net\/","sameAs":[],"logo":{"@type":"ImageObject","inLanguage":"es","@id":"https:\/\/hartea.net\/#\/schema\/logo\/image\/","url":"https:\/\/hartea.net\/wp-content\/uploads\/2022\/07\/hartea-joseba-lekuona.png","contentUrl":"https:\/\/hartea.net\/wp-content\/uploads\/2022\/07\/hartea-joseba-lekuona.png","width":282,"height":150,"caption":"Hartea \u00b7 Joseba Lekuona"},"image":{"@id":"https:\/\/hartea.net\/#\/schema\/logo\/image\/"}}]}},"_links":{"self":[{"href":"https:\/\/hartea.net\/es\/wp-json\/wp\/v2\/pages\/3","targetHints":{"allow":["GET"]}}],"collection":[{"href":"https:\/\/hartea.net\/es\/wp-json\/wp\/v2\/pages"}],"about":[{"href":"https:\/\/hartea.net\/es\/wp-json\/wp\/v2\/types\/page"}],"author":[{"embeddable":true,"href":"https:\/\/hartea.net\/es\/wp-json\/wp\/v2\/users\/2"}],"replies":[{"embeddable":true,"href":"https:\/\/hartea.net\/es\/wp-json\/wp\/v2\/comments?post=3"}],"version-history":[{"count":2,"href":"https:\/\/hartea.net\/es\/wp-json\/wp\/v2\/pages\/3\/revisions"}],"predecessor-version":[{"id":984,"href":"https:\/\/hartea.net\/es\/wp-json\/wp\/v2\/pages\/3\/revisions\/984"}],"wp:attachment":[{"href":"https:\/\/hartea.net\/es\/wp-json\/wp\/v2\/media?parent=3"}],"curies":[{"name":"wp","href":"https:\/\/api.w.org\/{rel}","templated":true}]}}